{"id":1131,"date":"2014-01-28T10:46:52","date_gmt":"2014-01-28T09:46:52","guid":{"rendered":"http:\/\/cegea.upv.es\/?page_id=1131"},"modified":"2014-01-28T10:47:30","modified_gmt":"2014-01-28T09:47:30","slug":"formas-de-colaboracion","status":"publish","type":"page","link":"https:\/\/cegea.upv.es\/?page_id=1131","title":{"rendered":"Formas de colaboraci\u00f3n"},"content":{"rendered":"<h2><span style=\"color: #800000\">Reuniones de asesoramiento<\/span><\/h2>\n<p>Se ofrece un marco de intercambio fluido de necesidades y potencialidades con las empresas interesadas sin coste alguno, con el objetivo de compartir nuestra experiencia y posibilitar una futura colaboraci\u00f3n.<\/p>\n<h2><span style=\"color: #800000\">Convenios<\/span><\/h2>\n<p>Consisten en contratos para la realizaci\u00f3n de un determinado servicio de asesoramiento o transferencia tecnol\u00f3gica a una o varias empresa u organismos. Son actividades con objetivos a corto plazo para la aplicaci\u00f3n del conocimiento generado en los proyectos articulados a trav\u00e9s de las diferentes l\u00edneas de investigaci\u00f3n de nuestro Centro. Son muchos los estudios realizados para empresas en el \u00e1mbito del an\u00e1lisis contable, fiscal, la fusi\u00f3n e integraci\u00f3n de cooperativas, el control de gesti\u00f3n, etc&#8230; Se pueden consultar gran parte de los trabajos realizados para empresas en el apartado \u00ab<a href=\"http:\/\/cegea.upv.es\/investigacion\/proyectos-de-idi\/\">INVESTIGACI\u00d3N: PROYECTOS<\/a>\u00ab.<\/p>\n<h2><span style=\"color: #800000\">Formaci\u00f3n a la carta<\/span><\/h2>\n<p>Se trata de uno de las formas de divulgaci\u00f3n con mayor tradici\u00f3n en nuestro Centro, que desarrolla anualmente un amplio abanico de formaci\u00f3n posgrado y espec\u00edfico para empresas que previamente lo soliciten. Se imparten regularmente cursos de direcci\u00f3n de empresas, y particularmente de:<\/p>\n<ul>\n<li>Direcci\u00f3n contable<\/li>\n<li>Direcci\u00f3n fiscal<\/li>\n<li>Direcci\u00f3n financiera<\/li>\n<li>Control de gesti\u00f3n<\/li>\n<\/ul>\n<p>&nbsp;<\/p>\n<p>&nbsp;<\/p>\n<!-- AddThis Advanced Settings generic via filter on the_content --><!-- AddThis Share Buttons generic via filter on the_content -->","protected":false},"excerpt":{"rendered":"<p>Reuniones de asesoramiento Se ofrece un marco de intercambio fluido de necesidades y potencialidades con las empresas interesadas sin coste alguno, con el objetivo de compartir nuestra experiencia y posibilitar una futura colaboraci\u00f3n. Convenios Consisten en contratos para la realizaci\u00f3n de un determinado servicio de asesoramiento o transferencia tecnol\u00f3gica a una o varias empresa u [&hellip;]<!-- AddThis Advanced Settings generic via filter on wp_trim_excerpt --><!-- AddThis Share Buttons generic via filter on wp_trim_excerpt --><\/p>\n","protected":false},"author":349,"featured_media":0,"parent":15,"menu_order":1,"comment_status":"closed","ping_status":"closed","template":"","meta":{"footnotes":""},"class_list":["post-1131","page","type-page","status-publish","hentry","post-preview"],"_links":{"self":[{"href":"https:\/\/cegea.upv.es\/index.php?rest_route=\/wp\/v2\/pages\/1131","targetHints":{"allow":["GET"]}}],"collection":[{"href":"https:\/\/cegea.upv.es\/index.php?rest_route=\/wp\/v2\/pages"}],"about":[{"href":"https:\/\/cegea.upv.es\/index.php?rest_route=\/wp\/v2\/types\/page"}],"author":[{"embeddable":true,"href":"https:\/\/cegea.upv.es\/index.php?rest_route=\/wp\/v2\/users\/349"}],"replies":[{"embeddable":true,"href":"https:\/\/cegea.upv.es\/index.php?rest_route=%2Fwp%2Fv2%2Fcomments&post=1131"}],"version-history":[{"count":0,"href":"https:\/\/cegea.upv.es\/index.php?rest_route=\/wp\/v2\/pages\/1131\/revisions"}],"up":[{"embeddable":true,"href":"https:\/\/cegea.upv.es\/index.php?rest_route=\/wp\/v2\/pages\/15"}],"wp:attachment":[{"href":"https:\/\/cegea.upv.es\/index.php?rest_route=%2Fwp%2Fv2%2Fmedia&parent=1131"}],"curies":[{"name":"wp","href":"https:\/\/api.w.org\/{rel}","templated":true}]}}