{"id":1136,"date":"2014-01-28T11:32:48","date_gmt":"2014-01-28T10:32:48","guid":{"rendered":"http:\/\/cegea.upv.es\/?page_id=1136"},"modified":"2014-01-28T11:47:21","modified_gmt":"2014-01-28T10:47:21","slug":"empresasinstituciones-colaboracion-estrecha","status":"publish","type":"page","link":"https:\/\/cegea.upv.es\/?page_id=1136","title":{"rendered":"Empresas\/Instituciones con las que CEGEA tiene una colaboraci\u00f3n estrecha"},"content":{"rendered":"<h2>Empresas \/Instituciones<\/h2>\n<ul>\n<li style=\"text-align: left\"><strong>ACOREX<\/strong> (<a href=\"http:\/\/www.acorex.es\/\" target=\"_blank\">www.acorex.es<\/a>)<\/li>\n<li style=\"text-align: left\"><strong>AGROMUTUA<\/strong> (<a href=\"http:\/\/www.agromutua.es\/\" target=\"_blank\">www.agromutua.es<\/a>)<\/li>\n<li style=\"text-align: left\"><strong>ANECOOP<\/strong> (<a href=\"http:\/\/www.anecoop.com\/\" target=\"_blank\">www.anecoop.com<\/a>)<\/li>\n<li style=\"text-align: left\"><strong>AGRICONSA<\/strong> (<a href=\"http:\/\/www.agriconsa.es\/\" target=\"_blank\">www.agriconsa.es<\/a>)<\/li>\n<li style=\"text-align: left\"><strong>ALIMER<\/strong> (<a href=\"http:\/\/www.alimer.es\/esp\/html\/index.html\" target=\"_blank\">www.alimer.es\/esp\/html\/index<\/a>)<\/li>\n<li style=\"text-align: left\"><strong>CAJAMAR<\/strong> (<a href=\"https:\/\/www.cajamar.es\" target=\"_blank\">www.cajamar.es<\/a>)<\/li>\n<li style=\"text-align: left\"><strong>COARVAL<\/strong> (<a href=\"http:\/\/www.chil.org\/agroindustria\/group\/cooperativa-coarval\" target=\"_blank\">www.chil.org\/agroindustria\/group\/cooperativa-coarval<\/a>)<\/li>\n<li style=\"text-align: left\"><strong>COOPERATIVAS AGROALIMENTARIAS<\/strong> <a href=\"\/\/www.agro-alimentarias.coop\/1\/1_1.php\" target=\"_blank\">(www.agro-alimentarias.coop\/1\/1_1.php<\/a>)<\/li>\n<li style=\"text-align: left\"><strong>ENESA<\/strong> (<a href=\"http:\/\/www.enesa.es\/\" target=\"_blank\">www.enesa.es<\/a>)<\/li>\n<li style=\"text-align: left\"><strong>ENGRUPO<\/strong> (<a href=\"http:\/\/engrupo.es\/wordpress\/\" target=\"_blank\">engrupo.es\/wordpress\/<\/a>)<\/li>\n<li style=\"text-align: left\"><strong>PASTORES GRUPO COOPERATIVO<\/strong> (<strong>OVIARAGON<\/strong>) (<a href=\"http:\/\/www.grupopastores.coop\/es\/oviaragon\" target=\"_blank\">www.grupopastores.coop\/es\/oviaragon<\/a>)<\/li>\n<li style=\"text-align: left\"><strong>VICASOL<\/strong>\u00a0 (<a href=\"https:\/\/www.vicasol.es\" target=\"_blank\">www.vicasol.es<\/a>)<\/li>\n<\/ul>\n<h2>\u00a0Instituciones cient\u00edfico-acad\u00e9micas<\/h2>\n<ul>\n<li style=\"text-align: left\"><strong>AECA<\/strong> &#8211; Asociaci\u00f3n Espa\u00f1ola de Contabilidad y Administraci\u00f3n de Empresas<\/li>\n<li style=\"text-align: left\"><strong>ASEPUC<\/strong> &#8211; Asociaci\u00f3n Espa\u00f1ola de Profesores Universitarios de Contabilidad<\/li>\n<li style=\"text-align: left\"><strong>AEEA\u00a0<\/strong>&#8211; Asociaci\u00f3n Espa\u00f1ola de Econom\u00eda Agraria<\/li>\n<li style=\"text-align: left\"><strong>CIRIEC-Espa\u00f1a<\/strong>\u00a0&#8211; Centro Internacional de Investigaci\u00f3n e Informaci\u00f3n sobre la Econom\u00eda P\u00fablica, Social y Cooperativa (<a href=\"http:\/\/www.ciriec.es\" target=\"_blank\">www.ciriec.es<\/a>)<\/li>\n<li style=\"text-align: left\"><strong>CIRIEC Internacional<\/strong> (<a href=\"http:\/\/www.ciriec.ulg.ac.be\" target=\"_blank\">www.ciriec.ulg.ac.be<\/a>)<\/li>\n<li><strong>RED-ENUIES<\/strong> (Red de Institutos y Centros de Investigaci\u00f3n en Econom\u00eda Social), coordinada por CEGEA, la cual integra los siguientes Centros e Institutos:\n<ul>\n<li style=\"text-align: left\">Escuela de Estudios Cooperativos<br \/>\nUniversidad Complutense de Madrid.<\/li>\n<li style=\"text-align: left\">Instituto Universitario de Econom\u00eda Social y Cooperativa (IUDESCOOP)<br \/>\nUniversidad de Valencia.<\/li>\n<li style=\"text-align: left\">Instituto de Derecho Cooperativo y Econom\u00eda Social (GEZKI)<br \/>\nUniversidad de Pa\u00eds Vasco.<\/li>\n<li style=\"text-align: left\">Instituto de Estudios Cooperativos<br \/>\nUniversidad de Deusto.<\/li>\n<li style=\"text-align: left\">Centro de Formaci\u00f3n Permanente Cooperativa<br \/>\nUniversidad Polit\u00e9cnica de Madrid.<\/li>\n<li style=\"text-align: left\">Centro de Estudios Cooperativos (CECOOP)<br \/>\nUniversidad de Santiago de Compostela.<\/li>\n<li style=\"text-align: left\">Centro de Investigaci\u00f3n \u00abCiudadan\u00eda y Sociedad Civil\u00bb (CISC)<br \/>\nUniversidad de Barcelona.<\/li>\n<li style=\"text-align: left\">Instituto Intercultural para la Autogesti\u00f3n y la Acci\u00f3n Comunal (INAUCO)<br \/>\nUniversidad Polit\u00e9cnica de Valencia.<\/li>\n<li style=\"text-align: left\">Escuela Universitaria de Estudios Sociales<br \/>\nUniversidad de Zaragoza.<\/li>\n<li style=\"text-align: left\">Facultad de Ciencias Econ\u00f3micas y Empresariales. ETEA &#8211; C\u00f3rdoba.<\/li>\n<li style=\"text-align: left\">Grupo de Estudios e Investigaci\u00f3n en Econom\u00eda Social de la Universidad San Pablo<br \/>\nCEU (GEIES-CEU).<\/li>\n<li style=\"text-align: left\">C\u00e1tedra de Econom\u00eda Social y Cooperativismo<br \/>\nUniversidad Cat\u00f3lica de \u00c1vila.<\/li>\n<li style=\"text-align: left\">Instituto de Estudios Cooperativos (LANKI)<br \/>\nUniversidad de Mondrag\u00f3n.<\/li>\n<\/ul>\n<\/li>\n<\/ul>\n<p>&nbsp;<\/p>\n<!-- AddThis Advanced Settings generic via filter on the_content --><!-- AddThis Share Buttons generic via filter on the_content -->","protected":false},"excerpt":{"rendered":"<p>Empresas \/Instituciones ACOREX (www.acorex.es) AGROMUTUA (www.agromutua.es) ANECOOP (www.anecoop.com) AGRICONSA (www.agriconsa.es) ALIMER (www.alimer.es\/esp\/html\/index) CAJAMAR (www.cajamar.es) COARVAL (www.chil.org\/agroindustria\/group\/cooperativa-coarval) COOPERATIVAS AGROALIMENTARIAS (www.agro-alimentarias.coop\/1\/1_1.php) ENESA (www.enesa.es) ENGRUPO (engrupo.es\/wordpress\/) PASTORES GRUPO COOPERATIVO (OVIARAGON) (www.grupopastores.coop\/es\/oviaragon) VICASOL\u00a0 (www.vicasol.es) \u00a0Instituciones cient\u00edfico-acad\u00e9micas AECA &#8211; Asociaci\u00f3n Espa\u00f1ola de Contabilidad y Administraci\u00f3n de Empresas ASEPUC &#8211; Asociaci\u00f3n Espa\u00f1ola de Profesores Universitarios de Contabilidad AEEA\u00a0&#8211; Asociaci\u00f3n Espa\u00f1ola de [&hellip;]<!-- AddThis Advanced Settings generic via filter on wp_trim_excerpt --><!-- AddThis Share Buttons generic via filter on wp_trim_excerpt --><\/p>\n","protected":false},"author":349,"featured_media":0,"parent":15,"menu_order":2,"comment_status":"closed","ping_status":"closed","template":"","meta":{"footnotes":""},"class_list":["post-1136","page","type-page","status-publish","hentry","post-preview"],"_links":{"self":[{"href":"https:\/\/cegea.upv.es\/index.php?rest_route=\/wp\/v2\/pages\/1136","targetHints":{"allow":["GET"]}}],"collection":[{"href":"https:\/\/cegea.upv.es\/index.php?rest_route=\/wp\/v2\/pages"}],"about":[{"href":"https:\/\/cegea.upv.es\/index.php?rest_route=\/wp\/v2\/types\/page"}],"author":[{"embeddable":true,"href":"https:\/\/cegea.upv.es\/index.php?rest_route=\/wp\/v2\/users\/349"}],"replies":[{"embeddable":true,"href":"https:\/\/cegea.upv.es\/index.php?rest_route=%2Fwp%2Fv2%2Fcomments&post=1136"}],"version-history":[{"count":0,"href":"https:\/\/cegea.upv.es\/index.php?rest_route=\/wp\/v2\/pages\/1136\/revisions"}],"up":[{"embeddable":true,"href":"https:\/\/cegea.upv.es\/index.php?rest_route=\/wp\/v2\/pages\/15"}],"wp:attachment":[{"href":"https:\/\/cegea.upv.es\/index.php?rest_route=%2Fwp%2Fv2%2Fmedia&parent=1136"}],"curies":[{"name":"wp","href":"https:\/\/api.w.org\/{rel}","templated":true}]}}