{"id":15,"date":"2013-11-06T11:23:03","date_gmt":"2013-11-06T10:23:03","guid":{"rendered":"http:\/\/cegea.upv.es\/?page_id=15"},"modified":"2019-05-07T12:37:44","modified_gmt":"2019-05-07T11:37:44","slug":"empresas-e-instituciones","status":"publish","type":"page","link":"https:\/\/cegea.upv.es\/?page_id=15","title":{"rendered":"Empresas e Instituciones"},"content":{"rendered":"<p style=\"text-align: justify\">A lo largo de los a\u00f1os, CEGEA ha establecido <span style=\"color: #800000\"><strong>fuertes v\u00ednculos con el mundo empresarial<\/strong><\/span>, econ\u00f3mico y social, como catalizador y dinamizador de procesos de innovaci\u00f3n en la empresa, y como centro capaz de resolver los problemas de \u00edndole jur\u00eddico, contable y financiero que el devenir de los tiempos y la propia sed de innovaci\u00f3n de las empresas van generando.<\/p>\n<p style=\"text-align: justify\">A lo largo de este tiempo se han realizado proyectos de I+D+i personalizados para empresas, especialmente relevantes en \u00e1mbitos como:<\/p>\n<ul style=\"text-align: justify\">\n<li>Gesti\u00f3n contable y fiscal<\/li>\n<li>Tratamiento de ayudas y fondos europeos<\/li>\n<li>Procesos de integraci\u00f3n y fusi\u00f3n de cooperativas<\/li>\n<li>Control de gesti\u00f3n<\/li>\n<li>Seguros agrarios<\/li>\n<li>Gesti\u00f3n de intangibles<\/li>\n<\/ul>\n<p style=\"text-align: justify\">La <strong><span style=\"color: #800000\">transferencia de conocimiento a las empresas<\/span><\/strong>, a trav\u00e9s de la realizaci\u00f3n de <strong><span style=\"color: #800000\">programas formativos espec\u00edficos<\/span><\/strong> es otro de los nexos de uni\u00f3n de CEGEA con el tejido empresarial. De hecho, son muchos los programas que se han creado e impartido en distintas organizaciones empresariales, en respuesta a necesidades concretas del personal de las mismas.<\/p>\n<p>&nbsp;<\/p>\n<!-- AddThis Advanced Settings generic via filter on the_content --><!-- AddThis Share Buttons generic via filter on the_content -->","protected":false},"excerpt":{"rendered":"<p>A lo largo de los a\u00f1os, CEGEA ha establecido fuertes v\u00ednculos con el mundo empresarial, econ\u00f3mico y social, como catalizador y dinamizador de procesos de innovaci\u00f3n en la empresa, y como centro capaz de resolver los problemas de \u00edndole jur\u00eddico, contable y financiero que el devenir de los tiempos y la propia sed de innovaci\u00f3n [&hellip;]<!-- AddThis Advanced Settings generic via filter on wp_trim_excerpt --><!-- AddThis Share Buttons generic via filter on wp_trim_excerpt --><\/p>\n","protected":false},"author":349,"featured_media":0,"parent":0,"menu_order":5,"comment_status":"closed","ping_status":"open","template":"","meta":{"footnotes":""},"class_list":["post-15","page","type-page","status-publish","hentry","post-preview"],"_links":{"self":[{"href":"https:\/\/cegea.upv.es\/index.php?rest_route=\/wp\/v2\/pages\/15","targetHints":{"allow":["GET"]}}],"collection":[{"href":"https:\/\/cegea.upv.es\/index.php?rest_route=\/wp\/v2\/pages"}],"about":[{"href":"https:\/\/cegea.upv.es\/index.php?rest_route=\/wp\/v2\/types\/page"}],"author":[{"embeddable":true,"href":"https:\/\/cegea.upv.es\/index.php?rest_route=\/wp\/v2\/users\/349"}],"replies":[{"embeddable":true,"href":"https:\/\/cegea.upv.es\/index.php?rest_route=%2Fwp%2Fv2%2Fcomments&post=15"}],"version-history":[{"count":0,"href":"https:\/\/cegea.upv.es\/index.php?rest_route=\/wp\/v2\/pages\/15\/revisions"}],"wp:attachment":[{"href":"https:\/\/cegea.upv.es\/index.php?rest_route=%2Fwp%2Fv2%2Fmedia&parent=15"}],"curies":[{"name":"wp","href":"https:\/\/api.w.org\/{rel}","templated":true}]}}