{"id":1724,"date":"2017-01-25T10:49:09","date_gmt":"2017-01-25T09:49:09","guid":{"rendered":"http:\/\/cegea.upv.es\/?page_id=1724"},"modified":"2017-01-25T11:19:05","modified_gmt":"2017-01-25T10:19:05","slug":"folleto-informativo-del-master-en-direccion-de-cooperativas-agroalimentarias-mba","status":"publish","type":"page","link":"https:\/\/cegea.upv.es\/?page_id=1724","title":{"rendered":"Folleto informativo del M\u00e1ster en Direcci\u00f3n de Cooperativas Agroalimentarias \u2013 MBA"},"content":{"rendered":"<li><a href=\"http:\/\/cegea.upv.es\/wp-content\/uploads\/2013\/11\/master-en-direccion-de-cooperativas-agroalimentarias.pdf\" target=\"_blank\">Descargar el Folleto Informativo del M\u00e1ster en Direcci\u00f3n de Cooperativas Agroalimentarias &#8211; MBA<\/a><\/li>\n<div style=\"margin-top: 50px\"><\/div>\n<hr \/>\n<div style=\"margin-top: 20px;padding-left: 25px;padding-right: 25px\">M\u00e1s informaci\u00f3n sobre el<br \/>\n<span style=\"color: #800000\"><strong>M\u00e1ster en Direcci\u00f3n de Cooperativas Agroalimentarias &#8211; MBA<\/strong><\/span>:<\/p>\n<ul>\n<li><a href=\"http:\/\/cegea.upv.es\/formacion\/mdca-mba\/objetivos-y-destinatarios\/\">Objetivos y destinatarios<\/a><\/li>\n<li><a href=\"http:\/\/cegea.upv.es\/formacion\/mdca-mba\/itinerario-formativo\/\">Itinerario formativo<\/a><\/li>\n<li><a href=\"http:\/\/cegea.upv.es\/formacion\/mdca-mba\/calendario-docente\/\">Calendario docente y sistema de aprendizaje<\/a><\/li>\n<li><a href=\"http:\/\/cegea.upv.es\/formacion\/mdca-mba\/profesorado\/\">Profesorado<\/a><\/li>\n<li><a href=\"http:\/\/cegea.upv.es\/formacion\/mdca-mba\/precios\/\">Precios<\/a><\/li>\n<li><a href=\"http:\/\/cegea.upv.es\/formacion\/mdca-mba\/contacto\/\">Contacto<\/a><\/li>\n<li class=\"submenu-actual-formacion\"> Descargar\u00a0el Folleto Informativo del M\u00e1ster en Direcci\u00f3n de Cooperativas Agroalimentarias &#8211; MBA<\/li>\n<\/ul>\n<\/div>\n<hr \/>\n<p>&nbsp;<\/p>\n<!-- AddThis Advanced Settings generic via filter on the_content --><!-- AddThis Share Buttons generic via filter on the_content -->","protected":false},"excerpt":{"rendered":"<p>Descargar el Folleto Informativo del M\u00e1ster en Direcci\u00f3n de Cooperativas Agroalimentarias &#8211; MBA M\u00e1s informaci\u00f3n sobre el M\u00e1ster en Direcci\u00f3n de Cooperativas Agroalimentarias &#8211; MBA: Objetivos y destinatarios Itinerario formativo Calendario docente y sistema de aprendizaje Profesorado Precios Contacto Descargar\u00a0el Folleto Informativo del M\u00e1ster en Direcci\u00f3n de Cooperativas Agroalimentarias &#8211; MBA &nbsp;<!-- AddThis Advanced Settings generic via filter on wp_trim_excerpt --><!-- AddThis Share Buttons generic via filter on wp_trim_excerpt --><\/p>\n","protected":false},"author":46016,"featured_media":0,"parent":75,"menu_order":7,"comment_status":"closed","ping_status":"closed","template":"","meta":{"footnotes":""},"class_list":["post-1724","page","type-page","status-publish","hentry","post-preview"],"_links":{"self":[{"href":"https:\/\/cegea.upv.es\/index.php?rest_route=\/wp\/v2\/pages\/1724","targetHints":{"allow":["GET"]}}],"collection":[{"href":"https:\/\/cegea.upv.es\/index.php?rest_route=\/wp\/v2\/pages"}],"about":[{"href":"https:\/\/cegea.upv.es\/index.php?rest_route=\/wp\/v2\/types\/page"}],"author":[{"embeddable":true,"href":"https:\/\/cegea.upv.es\/index.php?rest_route=\/wp\/v2\/users\/46016"}],"replies":[{"embeddable":true,"href":"https:\/\/cegea.upv.es\/index.php?rest_route=%2Fwp%2Fv2%2Fcomments&post=1724"}],"version-history":[{"count":0,"href":"https:\/\/cegea.upv.es\/index.php?rest_route=\/wp\/v2\/pages\/1724\/revisions"}],"up":[{"embeddable":true,"href":"https:\/\/cegea.upv.es\/index.php?rest_route=\/wp\/v2\/pages\/75"}],"wp:attachment":[{"href":"https:\/\/cegea.upv.es\/index.php?rest_route=%2Fwp%2Fv2%2Fmedia&parent=1724"}],"curies":[{"name":"wp","href":"https:\/\/api.w.org\/{rel}","templated":true}]}}