{"id":67,"date":"2013-11-07T11:30:35","date_gmt":"2013-11-07T10:30:35","guid":{"rendered":"http:\/\/cegea.upv.es\/?page_id=67"},"modified":"2013-11-10T19:04:07","modified_gmt":"2013-11-10T18:04:07","slug":"expansion-internacional","status":"publish","type":"page","link":"https:\/\/cegea.upv.es\/?page_id=67","title":{"rendered":"Expansi\u00f3n Internacional"},"content":{"rendered":"<p>En los noventa el Centro inicia su expansi\u00f3n internacional, colaborando con organismos internacionales (FAO, OIT, &#8230;) instituciones universitarias de Europa (Italia, Francia, Reino Unido, Alemania y Portugal) y de Am\u00e9rica Latina (Argentina, Uruguay, Colombia y Bolivia).<\/p>\n<p>En la actualidad CEGEA cuenta con miembros en prestigiosos Comit\u00e9s Cient\u00edficos Internacionales, as\u00ed como en Consejos de Redacci\u00f3n de revistas de \u00e1mbito internacional<\/p>\n<p>&nbsp;<\/p>\n<!-- AddThis Advanced Settings generic via filter on the_content --><!-- AddThis Share Buttons generic via filter on the_content -->","protected":false},"excerpt":{"rendered":"<p>En los noventa el Centro inicia su expansi\u00f3n internacional, colaborando con organismos internacionales (FAO, OIT, &#8230;) instituciones universitarias de Europa (Italia, Francia, Reino Unido, Alemania y Portugal) y de Am\u00e9rica Latina (Argentina, Uruguay, Colombia y Bolivia). En la actualidad CEGEA cuenta con miembros en prestigiosos Comit\u00e9s Cient\u00edficos Internacionales, as\u00ed como en Consejos de Redacci\u00f3n de [&hellip;]<!-- AddThis Advanced Settings generic via filter on wp_trim_excerpt --><!-- AddThis Share Buttons generic via filter on wp_trim_excerpt --><\/p>\n","protected":false},"author":349,"featured_media":0,"parent":4,"menu_order":6,"comment_status":"closed","ping_status":"closed","template":"","meta":{"footnotes":""},"class_list":["post-67","page","type-page","status-publish","hentry","post-preview"],"_links":{"self":[{"href":"https:\/\/cegea.upv.es\/index.php?rest_route=\/wp\/v2\/pages\/67","targetHints":{"allow":["GET"]}}],"collection":[{"href":"https:\/\/cegea.upv.es\/index.php?rest_route=\/wp\/v2\/pages"}],"about":[{"href":"https:\/\/cegea.upv.es\/index.php?rest_route=\/wp\/v2\/types\/page"}],"author":[{"embeddable":true,"href":"https:\/\/cegea.upv.es\/index.php?rest_route=\/wp\/v2\/users\/349"}],"replies":[{"embeddable":true,"href":"https:\/\/cegea.upv.es\/index.php?rest_route=%2Fwp%2Fv2%2Fcomments&post=67"}],"version-history":[{"count":0,"href":"https:\/\/cegea.upv.es\/index.php?rest_route=\/wp\/v2\/pages\/67\/revisions"}],"up":[{"embeddable":true,"href":"https:\/\/cegea.upv.es\/index.php?rest_route=\/wp\/v2\/pages\/4"}],"wp:attachment":[{"href":"https:\/\/cegea.upv.es\/index.php?rest_route=%2Fwp%2Fv2%2Fmedia&parent=67"}],"curies":[{"name":"wp","href":"https:\/\/api.w.org\/{rel}","templated":true}]}}