{"id":6892,"date":"2019-05-08T08:44:41","date_gmt":"2019-05-08T07:44:41","guid":{"rendered":"http:\/\/www.cegea.upv.es\/?page_id=6892"},"modified":"2019-05-08T11:21:20","modified_gmt":"2019-05-08T10:21:20","slug":"lopez-gandia-juan-vicente","status":"publish","type":"page","link":"https:\/\/cegea.upv.es\/?page_id=6892","title":{"rendered":"L\u00f3pez Gandia, Juan Vicente"},"content":{"rendered":"<table class=\"c6\" cellspacing=\"0\" cellpadding=\"0\">\n<tbody>\n<tr class=\"c13\" style=\"background: #ffe4e4\">\n<td class=\"c4\" style=\"width: 180px;border: 0px;text-align: center;padding-top: 20px\">\n<p class=\"c8 c1\"><a href=\"http:\/\/www.cegea.upv.es\/wp-content\/uploads\/2019\/05\/lopez-gandia-1.png\"><img loading=\"lazy\" decoding=\"async\" class=\"alignnone size-full wp-image-6898\" src=\"http:\/\/www.cegea.upv.es\/wp-content\/uploads\/2019\/05\/lopez-gandia-1.png\" alt=\"\" width=\"158\" height=\"200\" \/><\/a><\/p>\n<\/td>\n<td class=\"c2\" style=\"vertical-align: middle;border: 0px\">\n<p class=\"c1\"><span class=\"c0 c12\"><strong>L\u00f3pez Gandia, Juan Vicente<\/strong><\/span><\/p>\n<p class=\"c1\"><span class=\"c0 c12\">Categor\u00eda: Catedr\u00e1tico de Universidad\u00a0<\/span><\/p>\n<p class=\"c1\">Tel\u00e9fono: 963877000 \u00a0(Ext:72819)<\/p>\n<p class=\"c1\"><a href=\"mailto:jualogan@urb.upv.es\">jualogan@urb.upv.es<\/a><\/p>\n<p class=\"c1\"><a href=\"http:\/\/www.upv.es\/ficha-personal\/jualogan\">Curriculum\u00a0&#8211;\u00a0Actividad investigadora<\/a><\/p>\n<p>&nbsp;<\/td>\n<\/tr>\n<tr class=\"c9\">\n<td class=\"c4\" style=\"width: 180px\">\n<p class=\"c1\"><span class=\"c11 c0\">Cargos de gesti\u00f3n (actuales):<\/span><\/p>\n<\/td>\n<td class=\"c2\">\n<p class=\"c1\">\n<\/td>\n<\/tr>\n<tr class=\"c9\">\n<td class=\"c4\" style=\"width: 180px\">\n<p class=\"c1\"><span class=\"c11 c0\">L\u00edneas de investigaci\u00f3n:<\/span><\/p>\n<\/td>\n<td class=\"c2\">\n<ul>\n<li>\u00a0Derecho del Trabajo<\/li>\n<\/ul>\n<\/td>\n<\/tr>\n<tr class=\"c9\">\n<td class=\"c4\" style=\"width: 180px\">\n<p class=\"c1\"><span class=\"c11 c0\">Asignaturas impartidas (t\u00edtulos oficiales):<\/span><\/p>\n<\/td>\n<td class=\"c2\">\n<ul class=\"c5 lst-kix_list_16-0\">\n<li class=\"c1 c15\"><span class=\"c3 c0\">Bases jur\u00eddicas de prevenci\u00f3n de riesgos laborales<\/span><\/li>\n<li class=\"c34 c1\"><span class=\"c3 c0\">Derecho del trabajo<\/span><\/li>\n<li>La Transferencia de Conocimiento<\/li>\n<\/ul>\n<\/td>\n<\/tr>\n<\/tbody>\n<\/table>\n<!-- AddThis Advanced Settings generic via filter on the_content --><!-- AddThis Share Buttons generic via filter on the_content -->","protected":false},"excerpt":{"rendered":"<p>L\u00f3pez Gandia, Juan Vicente Categor\u00eda: Catedr\u00e1tico de Universidad\u00a0 Tel\u00e9fono: 963877000 \u00a0(Ext:72819) jualogan@urb.upv.es Curriculum\u00a0&#8211;\u00a0Actividad investigadora &nbsp; Cargos de gesti\u00f3n (actuales): L\u00edneas de investigaci\u00f3n: \u00a0Derecho del Trabajo Asignaturas impartidas (t\u00edtulos oficiales): Bases jur\u00eddicas de prevenci\u00f3n de riesgos laborales Derecho del trabajo La Transferencia de Conocimiento<!-- AddThis Advanced Settings generic via filter on wp_trim_excerpt --><!-- AddThis Share Buttons generic via filter on wp_trim_excerpt --><\/p>\n","protected":false},"author":49548,"featured_media":0,"parent":0,"menu_order":0,"comment_status":"closed","ping_status":"closed","template":"","meta":{"footnotes":""},"class_list":["post-6892","page","type-page","status-publish","hentry","post-preview"],"_links":{"self":[{"href":"https:\/\/cegea.upv.es\/index.php?rest_route=\/wp\/v2\/pages\/6892","targetHints":{"allow":["GET"]}}],"collection":[{"href":"https:\/\/cegea.upv.es\/index.php?rest_route=\/wp\/v2\/pages"}],"about":[{"href":"https:\/\/cegea.upv.es\/index.php?rest_route=\/wp\/v2\/types\/page"}],"author":[{"embeddable":true,"href":"https:\/\/cegea.upv.es\/index.php?rest_route=\/wp\/v2\/users\/49548"}],"replies":[{"embeddable":true,"href":"https:\/\/cegea.upv.es\/index.php?rest_route=%2Fwp%2Fv2%2Fcomments&post=6892"}],"version-history":[{"count":0,"href":"https:\/\/cegea.upv.es\/index.php?rest_route=\/wp\/v2\/pages\/6892\/revisions"}],"wp:attachment":[{"href":"https:\/\/cegea.upv.es\/index.php?rest_route=%2Fwp%2Fv2%2Fmedia&parent=6892"}],"curies":[{"name":"wp","href":"https:\/\/api.w.org\/{rel}","templated":true}]}}