{"id":7,"date":"2013-11-06T11:21:58","date_gmt":"2013-11-06T10:21:58","guid":{"rendered":"http:\/\/cegea.upv.es\/?page_id=7"},"modified":"2024-05-22T12:21:03","modified_gmt":"2024-05-22T11:21:03","slug":"formacion","status":"publish","type":"page","link":"https:\/\/cegea.upv.es\/?page_id=7","title":{"rendered":"Formaci\u00f3n"},"content":{"rendered":"<p><!--startcolumns--><span style=\"color: #800000\">CEGEA <\/span>se distingue por proporcionar una formaci\u00f3n especializada de calidad y por su conexi\u00f3n con las necesidades de la sociedad, realizando acciones de transferencia de conocimiento a empresas e instituciones. Desde su creaci\u00f3n y hasta la fecha, se han impartido diversos Cursos Especializados a m\u00e1s de 4000 alumnos.<\/p>\n<p>Y todo ello con el prop\u00f3sito de atender nuestra principal preocupaci\u00f3n, que no es otra que mejorar el conocimiento para contribuir en la formaci\u00f3n de un futuro mejor.<\/p>\n<p>En enero de 1.987 lanz\u00f3 el Programa M\u00e1ster Universitario en Direcci\u00f3n de Cooperativas y otras Empresas Asociativas Agrarias, M\u00e1ster que en su versi\u00f3n online sigue imparti\u00e9ndose en la actualidad, y es el de mayor consolidaci\u00f3n en Espa\u00f1a en esta materia, con m\u00e1s de 34 ediciones.<br \/>Ha sido reconocido como Centro Universitario l\u00edder en Espa\u00f1a en investigaci\u00f3n y formaci\u00f3n en asociacionismo agrario (Libro Blanco de la Econom\u00eda social en Espa\u00f1a 1990).<\/p>\n<p>Actualmente <span style=\"color: #800000\">CEGEA<\/span> oferta cuatro M\u00e1steres en Direcci\u00f3n de Empresa con diferentes itinerarios\u00a0 ( t\u00edtulos propios) y varios diplomas de especializaci\u00f3n y expertos universitarios.<\/p>\n<p>Nuestros t\u00edtulos son <strong>modulares<\/strong> y est\u00e1n dise\u00f1ados para poder realizarse <strong>online<\/strong>, lo que permite adaptarse a la disponibilidad del alumno.<\/p>\n<p><!--column--><br \/><!--column--><\/p>\n<p><strong><span style=\"color: #ff0000\"><a href=\"http:\/\/masterscegea.com\/\">M\u00c1STERES\u00a0 <span style=\"color: #ff00ff\">+Info\u00a0<\/span><\/a><br \/><\/span><\/strong><\/p>\n<p><span style=\"color: #008000\"><strong>CONOCE LOS M\u00c1STERES DEL \u00c1REA DIRECCI\u00d3N DE EMPRESAS UPV<\/strong><\/span><\/p>\n<p><a href=\"https:\/\/www.cegea.upv.es\/wp-content\/uploads\/2024\/05\/MBA-Direc-Empresas.jpg\"><img loading=\"lazy\" decoding=\"async\" class=\"alignnone wp-image-8439 size-medium\" src=\"https:\/\/www.cegea.upv.es\/wp-content\/uploads\/2024\/05\/MBA-Direc-Empresas-300x300.jpg\" alt=\"\" width=\"300\" height=\"300\" srcset=\"https:\/\/cegea.upv.es\/wp-content\/uploads\/2024\/05\/MBA-Direc-Empresas-300x300.jpg 300w, https:\/\/cegea.upv.es\/wp-content\/uploads\/2024\/05\/MBA-Direc-Empresas-1024x1024.jpg 1024w, https:\/\/cegea.upv.es\/wp-content\/uploads\/2024\/05\/MBA-Direc-Empresas-150x150.jpg 150w, https:\/\/cegea.upv.es\/wp-content\/uploads\/2024\/05\/MBA-Direc-Empresas-768x768.jpg 768w, https:\/\/cegea.upv.es\/wp-content\/uploads\/2024\/05\/MBA-Direc-Empresas-676x676.jpg 676w, https:\/\/cegea.upv.es\/wp-content\/uploads\/2024\/05\/MBA-Direc-Empresas.jpg 1080w\" sizes=\"auto, (max-width: 300px) 100vw, 300px\" \/><\/a><\/p>\n<p><strong><span style=\"font-size: 12pt;color: #0000ff\"><a style=\"color: #0000ff\" href=\"https:\/\/www.cfp.upv.es\/formacion-permanente\/curso\/master-formacion-permanente-direccion-planificacion-empresas-mba_97510.html\">Inscripci\u00f3n MBA Direcci\u00f3n y Planificaci\u00f3n empresas<\/a><\/span><\/strong><\/p>\n<p><strong><span style=\"color: #0000ff\">Completa tu perfil profesional con un m\u00e1ster y \u00a1difer\u00e9nciate!<\/span><\/strong><\/p>\n<p><a href=\"https:\/\/www.cegea.upv.es\/wp-content\/uploads\/2024\/05\/MBA-Direc-Empresas-y-Transformacion-Digital.jpg\"><img loading=\"lazy\" decoding=\"async\" class=\"alignnone wp-image-8440 size-medium\" src=\"https:\/\/www.cegea.upv.es\/wp-content\/uploads\/2024\/05\/MBA-Direc-Empresas-y-Transformacion-Digital-300x300.jpg\" alt=\"\" width=\"300\" height=\"300\" srcset=\"https:\/\/cegea.upv.es\/wp-content\/uploads\/2024\/05\/MBA-Direc-Empresas-y-Transformacion-Digital-300x300.jpg 300w, https:\/\/cegea.upv.es\/wp-content\/uploads\/2024\/05\/MBA-Direc-Empresas-y-Transformacion-Digital-1024x1024.jpg 1024w, https:\/\/cegea.upv.es\/wp-content\/uploads\/2024\/05\/MBA-Direc-Empresas-y-Transformacion-Digital-150x150.jpg 150w, https:\/\/cegea.upv.es\/wp-content\/uploads\/2024\/05\/MBA-Direc-Empresas-y-Transformacion-Digital-768x768.jpg 768w, https:\/\/cegea.upv.es\/wp-content\/uploads\/2024\/05\/MBA-Direc-Empresas-y-Transformacion-Digital-676x676.jpg 676w, https:\/\/cegea.upv.es\/wp-content\/uploads\/2024\/05\/MBA-Direc-Empresas-y-Transformacion-Digital.jpg 1080w\" sizes=\"auto, (max-width: 300px) 100vw, 300px\" \/><\/a><\/p>\n<p><strong><span style=\"color: #333399\"><a style=\"color: #333399\" href=\"https:\/\/www.cfp.upv.es\/formacion-permanente\/curso\/master-formacion-permanente-direccion-empresas-transformacion-digital-mba_97511.html\"><span style=\"font-size: 12pt\">Inscripci\u00f3n MBA\u00a0 Direcci\u00f3n de Empresas y Transformaci\u00f3n Digital\u00a0\u00a0<\/span><\/a><\/span><\/strong><\/p>\n<p><strong><span style=\"color: #800080\">Formaci\u00f3n para el liderazgo y desempe\u00f1o eficaz en puestos directivos<\/span><\/strong><\/p>\n<p><a href=\"https:\/\/www.cegea.upv.es\/wp-content\/uploads\/2024\/05\/MBA-direcc-EMpresas-Cooperativas.jpg\"><img loading=\"lazy\" decoding=\"async\" class=\"alignnone wp-image-8441 size-medium\" src=\"https:\/\/www.cegea.upv.es\/wp-content\/uploads\/2024\/05\/MBA-direcc-EMpresas-Cooperativas-300x300.jpg\" alt=\"\" width=\"300\" height=\"300\" srcset=\"https:\/\/cegea.upv.es\/wp-content\/uploads\/2024\/05\/MBA-direcc-EMpresas-Cooperativas-300x300.jpg 300w, https:\/\/cegea.upv.es\/wp-content\/uploads\/2024\/05\/MBA-direcc-EMpresas-Cooperativas-1024x1024.jpg 1024w, https:\/\/cegea.upv.es\/wp-content\/uploads\/2024\/05\/MBA-direcc-EMpresas-Cooperativas-150x150.jpg 150w, https:\/\/cegea.upv.es\/wp-content\/uploads\/2024\/05\/MBA-direcc-EMpresas-Cooperativas-768x768.jpg 768w, https:\/\/cegea.upv.es\/wp-content\/uploads\/2024\/05\/MBA-direcc-EMpresas-Cooperativas-676x676.jpg 676w, https:\/\/cegea.upv.es\/wp-content\/uploads\/2024\/05\/MBA-direcc-EMpresas-Cooperativas.jpg 1080w\" sizes=\"auto, (max-width: 300px) 100vw, 300px\" \/><\/a><\/p>\n<p><span style=\"color: #ff6600\"><a style=\"color: #ff6600\" href=\"https:\/\/www.cfp.upv.es\/formacion-permanente\/curso\/master-formacion-permanente-direccion-marketing-empresas-agroalimentarias-mba_97509.html\"><span style=\"font-size: 12pt\">Inscripci\u00f3n MBA Direcci\u00f3n y Marketing de Empresas Agroalimentarias\u00a0<\/span><\/a><\/span><\/p>\n<p><span style=\"font-size: 12pt;color: #ff0000\"><a style=\"color: #ff0000\" href=\"https:\/\/www.cfp.upv.es\/formacion-permanente\/curso\/master-formacion-permanente-direccion-cooperativas-agroalimentarias-mba_97508.html\">Inscripci\u00f3n_MBA_Direcci\u00f3n_de_Cooperativas_Agroalimentarias<\/a><\/span><\/p>\n<p><span style=\"color: #ff0000\"><!--stopcolumns--><\/span><\/p>\n<p><span style=\"color: #ff0000\"><iframe loading=\"lazy\"  id=\"_ytid_91129\"  width=\"676\" height=\"380\"  data-origwidth=\"676\" data-origheight=\"380\" src=\"https:\/\/www.youtube.com\/embed\/S0X2Iqudi2g\">https:\/\/youtu.be\/S0X2Iqudi2g<\/a>?enablejsapi=1&autoplay=0&cc_load_policy=0&cc_lang_pref=&iv_load_policy=1&loop=0&rel=1&fs=1&playsinline=0&autohide=2&theme=dark&color=red&controls=1&disablekb=0&\" class=\"__youtube_prefs__  no-lazyload\" title=\"YouTube player\"  allow=\"fullscreen; accelerometer; autoplay; clipboard-write; encrypted-media; gyroscope; picture-in-picture; web-share\" referrerpolicy=\"strict-origin-when-cross-origin\" allowfullscreen data-no-lazy=\"1\" data-skipgform_ajax_framebjll=\"\"><\/iframe><\/span><\/p>\n\n\n\n<!-- AddThis Advanced Settings generic via filter on the_content --><!-- AddThis Share Buttons generic via filter on the_content -->","protected":false},"excerpt":{"rendered":"<p>CEGEA se distingue por proporcionar una formaci\u00f3n especializada de calidad y por su conexi\u00f3n con las necesidades de la sociedad, realizando acciones de transferencia de conocimiento a empresas e instituciones. Desde su creaci\u00f3n y hasta la fecha, se han impartido diversos Cursos Especializados a m\u00e1s de 4000 alumnos. Y todo ello con el prop\u00f3sito de [&hellip;]<!-- AddThis Advanced Settings generic via filter on wp_trim_excerpt --><!-- AddThis Share Buttons generic via filter on wp_trim_excerpt --><\/p>\n","protected":false},"author":55669,"featured_media":0,"parent":0,"menu_order":3,"comment_status":"closed","ping_status":"closed","template":"","meta":{"footnotes":""},"class_list":["post-7","page","type-page","status-publish","hentry","post-preview"],"_links":{"self":[{"href":"https:\/\/cegea.upv.es\/index.php?rest_route=\/wp\/v2\/pages\/7","targetHints":{"allow":["GET"]}}],"collection":[{"href":"https:\/\/cegea.upv.es\/index.php?rest_route=\/wp\/v2\/pages"}],"about":[{"href":"https:\/\/cegea.upv.es\/index.php?rest_route=\/wp\/v2\/types\/page"}],"author":[{"embeddable":true,"href":"https:\/\/cegea.upv.es\/index.php?rest_route=\/wp\/v2\/users\/55669"}],"replies":[{"embeddable":true,"href":"https:\/\/cegea.upv.es\/index.php?rest_route=%2Fwp%2Fv2%2Fcomments&post=7"}],"version-history":[{"count":2,"href":"https:\/\/cegea.upv.es\/index.php?rest_route=\/wp\/v2\/pages\/7\/revisions"}],"predecessor-version":[{"id":8449,"href":"https:\/\/cegea.upv.es\/index.php?rest_route=\/wp\/v2\/pages\/7\/revisions\/8449"}],"wp:attachment":[{"href":"https:\/\/cegea.upv.es\/index.php?rest_route=%2Fwp%2Fv2%2Fmedia&parent=7"}],"curies":[{"name":"wp","href":"https:\/\/api.w.org\/{rel}","templated":true}]}}