{"id":71,"date":"2013-11-07T11:36:09","date_gmt":"2013-11-07T10:36:09","guid":{"rendered":"http:\/\/cegea.upv.es\/?page_id=71"},"modified":"2019-05-08T11:34:28","modified_gmt":"2019-05-08T10:34:28","slug":"mision-vision-y-valores","status":"publish","type":"page","link":"https:\/\/cegea.upv.es\/?page_id=71","title":{"rendered":"Misi\u00f3n, visi\u00f3n y valores"},"content":{"rendered":"<p style=\"text-align: justify\">CEGEA tiene como <strong><span style=\"color: #800000\">misi\u00f3n<\/span><\/strong> la investigaci\u00f3n en el conjunto de disciplinas que integran la gesti\u00f3n de empresas, y en especial las de econom\u00eda social, y su transferencia al tejido productivo, ayudando a resolver problemas de \u00edndole jur\u00eddico, comercial, contable y financiero.<\/p>\n<p><strong><span style=\"color: #800000\">Nuestra Visi\u00f3n<\/span><\/strong> es ser un centro de investigaci\u00f3n universitaria l\u00edder en el \u00e1mbito de la investigaci\u00f3n de la gesti\u00f3n empresarial.<\/p>\n<p><strong><span style=\"color: #800000\">Nuestros Valores<\/span><\/strong>: Un fuerte compromiso con el trabajo bien hecho, con nuestra Universidad y nuestra sociedad.<\/p>\n<!-- AddThis Advanced Settings generic via filter on the_content --><!-- AddThis Share Buttons generic via filter on the_content -->","protected":false},"excerpt":{"rendered":"<p>CEGEA tiene como misi\u00f3n la investigaci\u00f3n en el conjunto de disciplinas que integran la gesti\u00f3n de empresas, y en especial las de econom\u00eda social, y su transferencia al tejido productivo, ayudando a resolver problemas de \u00edndole jur\u00eddico, comercial, contable y financiero. Nuestra Visi\u00f3n es ser un centro de investigaci\u00f3n universitaria l\u00edder en el \u00e1mbito de [&hellip;]<!-- AddThis Advanced Settings generic via filter on wp_trim_excerpt --><!-- AddThis Share Buttons generic via filter on wp_trim_excerpt --><\/p>\n","protected":false},"author":349,"featured_media":0,"parent":4,"menu_order":2,"comment_status":"closed","ping_status":"closed","template":"","meta":{"footnotes":""},"class_list":["post-71","page","type-page","status-publish","hentry","post-preview"],"_links":{"self":[{"href":"https:\/\/cegea.upv.es\/index.php?rest_route=\/wp\/v2\/pages\/71","targetHints":{"allow":["GET"]}}],"collection":[{"href":"https:\/\/cegea.upv.es\/index.php?rest_route=\/wp\/v2\/pages"}],"about":[{"href":"https:\/\/cegea.upv.es\/index.php?rest_route=\/wp\/v2\/types\/page"}],"author":[{"embeddable":true,"href":"https:\/\/cegea.upv.es\/index.php?rest_route=\/wp\/v2\/users\/349"}],"replies":[{"embeddable":true,"href":"https:\/\/cegea.upv.es\/index.php?rest_route=%2Fwp%2Fv2%2Fcomments&post=71"}],"version-history":[{"count":0,"href":"https:\/\/cegea.upv.es\/index.php?rest_route=\/wp\/v2\/pages\/71\/revisions"}],"up":[{"embeddable":true,"href":"https:\/\/cegea.upv.es\/index.php?rest_route=\/wp\/v2\/pages\/4"}],"wp:attachment":[{"href":"https:\/\/cegea.upv.es\/index.php?rest_route=%2Fwp%2Fv2%2Fmedia&parent=71"}],"curies":[{"name":"wp","href":"https:\/\/api.w.org\/{rel}","templated":true}]}}