{"id":725,"date":"2013-12-12T10:29:51","date_gmt":"2013-12-12T09:29:51","guid":{"rendered":"http:\/\/cegea.upv.es\/?page_id=725"},"modified":"2019-05-08T10:10:25","modified_gmt":"2019-05-08T09:10:25","slug":"marin-sanchez-maria-del-mar","status":"publish","type":"page","link":"https:\/\/cegea.upv.es\/?page_id=725","title":{"rendered":"Mar\u00edn S\u00e1nchez, Mar\u00eda del Mar"},"content":{"rendered":"<table class=\"c6\" cellspacing=\"0\" cellpadding=\"0\">\n<tbody>\n<tr class=\"c13\" style=\"background: #ffe4e4\">\n<td class=\"c4\" style=\"width: 180px;border: 0px;text-align: center;padding-top: 20px\">\n<p class=\"c8 c1\"><img loading=\"lazy\" decoding=\"async\" src=\"http:\/\/cegea.upv.es\/wp-content\/uploads\/2013\/12\/Mar_Marin.jpg\" alt=\"\" width=\"146\" height=\"220\" \/><\/p>\n<\/td>\n<td class=\"c2\" style=\"vertical-align: middle;border: 0px\">\n<p class=\"c1\"><span class=\"c0 c12\"><strong>Mar\u00edn S\u00e1nchez, Mar\u00eda del Mar<\/strong><\/span><\/p>\n<p class=\"c1\"><span class=\"c0 c12\">Categor\u00eda: Titular de Universidad<\/span><\/p>\n<p class=\"c1\"><span class=\"c0 c12\">Tel\u00e9fono: 963877007 (Ext.:14711)<\/span><\/p>\n<p class=\"c1\"><a href=\"mailto:mmarins@esp.upv.es\"><span class=\"c0 c12\">mmarins@esp.upv.es<\/span><\/a><\/p>\n<p class=\"c1\"><a href=\"http:\/\/www.upv.es\/ficha-personal\/mmarins\">Curriculum\u00a0&#8211;\u00a0Actividad investigadora<\/a><\/p>\n<p><a href=\"http:\/\/orcid.org\/0000-0002-1507-1798\">ORCiD<\/a> \u00a0 \u00a0<a href=\"https:\/\/publons.com\/researcher\/2245478\/maria-del-mar-marin-sanchez\/\">ResearchID<\/a><\/td>\n<\/tr>\n<tr class=\"c9\">\n<td class=\"c4\" style=\"width: 180px\">\n<p class=\"c1\"><span class=\"c11 c0\">Cargos de gesti\u00f3n (actuales):<\/span><\/p>\n<\/td>\n<td class=\"c2\">\n<p class=\"c1\">Decana <span class=\"c11 c0\">Facultad de Administraci\u00f3n y Direcci\u00f3n de Empresas de la Universidad Polit\u00e9cnica de Valencia<\/span><\/p>\n<\/td>\n<\/tr>\n<tr class=\"c9\">\n<td class=\"c4\" style=\"width: 180px\">\n<p class=\"c1\"><span class=\"c11 c0\">L\u00edneas de investigaci\u00f3n:<\/span><\/p>\n<\/td>\n<td class=\"c2\">\n<ul class=\"c5 lst-kix_list_7-0 start\">\n<li class=\"c10 c1\"><span class=\"c3 c0\">Econom\u00eda Agraria y cooperativismo<\/span><\/li>\n<li class=\"c14 c1\"><span class=\"c3 c0\">Contabilidad y Fiscalidad<\/span><\/li>\n<\/ul>\n<\/td>\n<\/tr>\n<tr class=\"c9\">\n<td class=\"c4\" style=\"width: 180px\">\n<p class=\"c1\"><span class=\"c11 c0\">Asignaturas impartidas (t\u00edtulos oficiales):<\/span><\/p>\n<\/td>\n<td class=\"c2\">\n<ul class=\"c5 lst-kix_list_7-0\">\n<li class=\"c10 c1\"><span class=\"c3 c0\">Gesti\u00f3n Fiscal de la Empresa (ADE).<\/span><\/li>\n<li class=\"c10 c1\"><span class=\"c3 c0\">Gesti\u00f3n Tributaria (GAP)<\/span><\/li>\n<li class=\"c10 c1\"><span class=\"c3 c0\">Direcci\u00f3n Contable (M\u00e1ster Oficial en Direcci\u00f3n Financiera y Fiscal)<\/span><\/li>\n<li class=\"c14 c1\"><span class=\"c3 c0\">Reg\u00edmenes y Especialidades del Sistema Tributario (M\u00e1ster Oficial en Direcci\u00f3n Financiera y Fiscal)<\/span><\/li>\n<\/ul>\n<\/td>\n<\/tr>\n<\/tbody>\n<\/table>\n<p><a href=\"#\" name=\"fc46a40d532dd8a0b8382bdb94e3ae01c5eb3edd\"><\/a><a href=\"#\" name=\"9\"><\/a><\/p>\n<p>&nbsp;<\/p>\n<p>&nbsp;<\/p>\n<!-- AddThis Advanced Settings generic via filter on the_content --><!-- AddThis Share Buttons generic via filter on the_content -->","protected":false},"excerpt":{"rendered":"<p>Mar\u00edn S\u00e1nchez, Mar\u00eda del Mar Categor\u00eda: Titular de Universidad Tel\u00e9fono: 963877007 (Ext.:14711) mmarins@esp.upv.es Curriculum\u00a0&#8211;\u00a0Actividad investigadora ORCiD \u00a0 \u00a0ResearchID Cargos de gesti\u00f3n (actuales): Decana Facultad de Administraci\u00f3n y Direcci\u00f3n de Empresas de la Universidad Polit\u00e9cnica de Valencia L\u00edneas de investigaci\u00f3n: Econom\u00eda Agraria y cooperativismo Contabilidad y Fiscalidad Asignaturas impartidas (t\u00edtulos oficiales): Gesti\u00f3n Fiscal de la Empresa [&hellip;]<!-- AddThis Advanced Settings generic via filter on wp_trim_excerpt --><!-- AddThis Share Buttons generic via filter on wp_trim_excerpt --><\/p>\n","protected":false},"author":349,"featured_media":0,"parent":366,"menu_order":9,"comment_status":"closed","ping_status":"closed","template":"","meta":{"footnotes":""},"class_list":["post-725","page","type-page","status-publish","hentry","post-preview"],"_links":{"self":[{"href":"https:\/\/cegea.upv.es\/index.php?rest_route=\/wp\/v2\/pages\/725","targetHints":{"allow":["GET"]}}],"collection":[{"href":"https:\/\/cegea.upv.es\/index.php?rest_route=\/wp\/v2\/pages"}],"about":[{"href":"https:\/\/cegea.upv.es\/index.php?rest_route=\/wp\/v2\/types\/page"}],"author":[{"embeddable":true,"href":"https:\/\/cegea.upv.es\/index.php?rest_route=\/wp\/v2\/users\/349"}],"replies":[{"embeddable":true,"href":"https:\/\/cegea.upv.es\/index.php?rest_route=%2Fwp%2Fv2%2Fcomments&post=725"}],"version-history":[{"count":0,"href":"https:\/\/cegea.upv.es\/index.php?rest_route=\/wp\/v2\/pages\/725\/revisions"}],"up":[{"embeddable":true,"href":"https:\/\/cegea.upv.es\/index.php?rest_route=\/wp\/v2\/pages\/366"}],"wp:attachment":[{"href":"https:\/\/cegea.upv.es\/index.php?rest_route=%2Fwp%2Fv2%2Fmedia&parent=725"}],"curies":[{"name":"wp","href":"https:\/\/api.w.org\/{rel}","templated":true}]}}