{"id":95,"date":"2013-11-07T12:25:50","date_gmt":"2013-11-07T11:25:50","guid":{"rendered":"http:\/\/cegea.upv.es\/?page_id=95"},"modified":"2017-01-24T13:16:59","modified_gmt":"2017-01-24T12:16:59","slug":"itinerario-formativo","status":"publish","type":"page","link":"https:\/\/cegea.upv.es\/?page_id=95","title":{"rendered":"Itinerario formativo"},"content":{"rendered":"<p>&nbsp;<\/p>\n<table style=\"border: 0px solid #ffffff\">\n<tbody style=\"border: 0px solid #ffffff\">\n<tr valign=\"middle\">\n<td style=\"background: #aa0022;border: 1px solid #333333;text-align: center\" width=\"197\"><span style=\"color: #ffffff\"><b>DIPLOMA DE ESPECIALIZACI\u00d3N EN DIRECCI\u00d3N DE EMPRESAS (30 ECTS)<\/b><\/span><\/td>\n<td style=\"border: 0px solid #ffffff;text-align: center\" width=\"22\"><b>\u00f3<\/b><\/td>\n<td style=\"background: #aa0022;border: 1px solid #333333;text-align: center\" valign=\"middle\" width=\"202\"><span style=\"color: #ffffff\"><strong>DIPLOMA DE ESPECIALIZACI\u00d3N EN DIRECCI\u00d3N DE EMPRESAS PARA INGENIEROS (30 ECTS)<\/strong><\/span><\/td>\n<\/tr>\n<tr>\n<td style=\"border: 1px solid #333333;padding-bottom: 0px\" valign=\"middle\" width=\"197\">\n<ul>\n<li>Gesti\u00f3n Contable y Fiscal de empresas (6 ECTS)<\/li>\n<li>Gesti\u00f3n Comercial (6 ECTS)<\/li>\n<li>Gesti\u00f3n Financiera de Empresas (6 ECTS)<\/li>\n<li>Derecho de Empresa (6 ECTS)<\/li>\n<li>2 Optativas a elegir (3 ECTS cada una)<\/li>\n<\/ul>\n<\/td>\n<td style=\"border: 0px solid #ffffff\" width=\"18\"><\/td>\n<td style=\"border: 1px solid #333333;padding-bottom: 0px\" valign=\"middle\" width=\"202\">\n<ul>\n<li>Gesti\u00f3n Contable y Fiscal de empresas (6 ECTS)<\/li>\n<li>Gesti\u00f3n Comercial (6 ECTS)<\/li>\n<li>Gesti\u00f3n Financiera de Empresas (6 ECTS)<\/li>\n<li>Derecho de Empresa (6 ECTS)<\/li>\n<li>T\u00e9cnicas Estad\u00edsticas para la mejora de la productividad y competitividad (3 ECTS)<\/li>\n<li>Modelizaci\u00f3n y Optimizaci\u00f3n de Empresas (3 ECTS)<\/li>\n<\/ul>\n<\/td>\n<\/tr>\n<\/tbody>\n<\/table>\n<p><img loading=\"lazy\" decoding=\"async\" class=\"no-shadow aligncenter\" style=\"margin-top: 0px\" src=\"http:\/\/cegea.upv.es\/wp-content\/uploads\/2013\/12\/flechas_itinerario_3.png\" alt=\"flechas_itinerario_3\" width=\"437\" height=\"59\" \/><\/p>\n<table style=\"border: 0px solid #ffffff\">\n<tbody style=\"border: 0px solid #ffffff\">\n<tr>\n<td style=\"background: #aa0022;border: 1px solid #333333;text-align: center\" width=\"367\"><span style=\"color: #ffffff\"><b>EXPERTO UNIVERSITARIO EN GESTI\u00d3N DE COOPERATIVAS AGROALIMENTARIAS<br \/>\n(24 ECTS)<\/b><\/span><\/td>\n<\/tr>\n<tr valign=\"middle\">\n<td style=\"border: 1px solid #333333;padding-bottom: 0px\" valign=\"middle\" width=\"367\">\n<ul>\n<li>Normas de Gesti\u00f3n de Sociedades Cooperativas (6 ECTS)<\/li>\n<li>Cooperativas Agroalimentarias de \u00e9xito: estudio de casos (3 ECTS)<\/li>\n<li>Direcci\u00f3n Financiera de Cooperativas (6 ECTS)<\/li>\n<li>Direcci\u00f3n Contable y Fiscal de Cooperativas (6 ECTS)<\/li>\n<li>1 Optativa a elegir (3 ECTS cada una)<\/li>\n<\/ul>\n<\/td>\n<\/tr>\n<\/tbody>\n<\/table>\n<p><img loading=\"lazy\" decoding=\"async\" class=\"no-shadow aligncenter\" src=\"http:\/\/cegea.upv.es\/wp-content\/uploads\/2013\/11\/flecha_itinerario.png\" alt=\"flecha_itinerario\" width=\"102\" height=\"58\" \/><\/p>\n<table style=\"border: 0px solid #ffffff\">\n<tbody style=\"border: 0px solid #ffffff\">\n<tr style=\"border: 1px solid #333333\">\n<td style=\"background: white;border: 1px solid #333333;text-align: center\" valign=\"middle\" width=\"367\"><b>Tesina Fin de M\u00e1ster \/ Pr\u00e1cticas en empresas (6 ECTS) <\/b><\/td>\n<\/tr>\n<\/tbody>\n<\/table>\n<p><img loading=\"lazy\" decoding=\"async\" class=\"no-shadow aligncenter\" src=\"http:\/\/cegea.upv.es\/wp-content\/uploads\/2013\/11\/flecha_itinerario.png\" alt=\"flecha_itinerario\" width=\"102\" height=\"58\" \/><\/p>\n<table style=\"border: 0px solid #ffffff\">\n<tbody style=\"border: 0px solid #ffffff\">\n<tr>\n<td style=\"background: #aa0022;border: 1px solid #333333;text-align: center\" valign=\"middle\" width=\"367\"><span style=\"color: #ffffff\"><b>M\u00c1STER EN DIRECCI\u00d3N DE COOPERATIVAS AGROALIMENTARIAS \u2013 MBA (60 ECTS) <\/b><\/span><\/td>\n<\/tr>\n<\/tbody>\n<\/table>\n<p>&nbsp;<\/p>\n<div style=\"margin-top: 50px\">\n<h2><span style=\"color: #800000\">Asignaturas optativas<\/span><\/h2>\n<h3>Cuatrimestre A (octubre &#8211; febrero)<\/h3>\n<ul>\n<li>Responsabilidad social empresarial (3 cr\u00e9ditos)<\/li>\n<li>Internet y comercio electr\u00f3nico (3 cr\u00e9ditos)<\/li>\n<li>T\u00e9cnicas de control de gesti\u00f3n\u00a0(3 cr\u00e9ditos)<\/li>\n<li>T\u00e9cnicas de comercio exterior (3 cr\u00e9ditos)<\/li>\n<li>Gesti\u00f3n de la innovaci\u00f3n (3 cr\u00e9ditos)<\/li>\n<\/ul>\n<h3>Cuatrimestre B (marzo &#8211; julio)<\/h3>\n<ul>\n<li>T\u00e9cnicas estad\u00edsticas para la mejora de la calidad y la productividad (3 cr\u00e9ditos)<\/li>\n<li>Modelizaci\u00f3n y optimizaci\u00f3n en la empresa (3 cr\u00e9ditos)<\/li>\n<li>Leadership development\u00a0(3 cr\u00e9ditos)<\/li>\n<li>Certificaci\u00f3n de la calidad agroalimentaria. Normas ISO 9000\u00a0(3 cr\u00e9ditos)<\/li>\n<li>Creaci\u00f3n y lanzamiento de nuevos productos en la empresa (3 cr\u00e9ditos)<\/li>\n<li>Business English (3 cr\u00e9ditos)<\/li>\n<li>Emprendimiento y modelos de negocio (3 cr\u00e9ditos)<\/li>\n<\/ul>\n<p>&nbsp;<\/p>\n<\/div>\n<hr \/>\n<div style=\"margin-top: 20px;padding-left: 25px;padding-right: 25px\">M\u00e1s informaci\u00f3n sobre el<br \/>\n<span style=\"color: #800000\"><strong>M\u00e1ster en Direcci\u00f3n de Cooperativas Agroalimentarias &#8211; MBA<\/strong><\/span>:<\/p>\n<ul>\n<li><a href=\"http:\/\/cegea.upv.es\/formacion\/mdca-mba\/objetivos-y-destinatarios\/\">Objetivos y destinatarios<\/a><\/li>\n<li class=\"submenu-actual-formacion\">Intinerario formativo<\/li>\n<li><a href=\"http:\/\/cegea.upv.es\/formacion\/mdca-mba\/calendario-docente\/\">Calendario docente y sistema de aprendizaje<\/a><\/li>\n<li><a href=\"http:\/\/cegea.upv.es\/formacion\/mdca-mba\/profesorado\/\">Profesorado<\/a><\/li>\n<li><a href=\"http:\/\/cegea.upv.es\/formacion\/mdca-mba\/precios\/\">Precios<\/a><\/li>\n<li><a href=\"http:\/\/cegea.upv.es\/formacion\/mdca-mba\/contacto\/\">Contacto<\/a><\/li>\n<li><a href=\"http:\/\/cegea.upv.es\/wp-content\/uploads\/2013\/11\/master-en-direccion-de-cooperativas-agroalimentarias.pdf\" target=\"_blank\">Descargar\u00a0el Folleto Informativo del M\u00e1ster en Direcci\u00f3n de Cooperativas Agroalimentarias &#8211; MBA<\/a><\/li>\n<\/ul>\n<\/div>\n<hr \/>\n<p>&nbsp;<\/p>\n<!-- AddThis Advanced Settings generic via filter on the_content --><!-- AddThis Share Buttons generic via filter on the_content -->","protected":false},"excerpt":{"rendered":"<p>&nbsp; DIPLOMA DE ESPECIALIZACI\u00d3N EN DIRECCI\u00d3N DE EMPRESAS (30 ECTS) \u00f3 DIPLOMA DE ESPECIALIZACI\u00d3N EN DIRECCI\u00d3N DE EMPRESAS PARA INGENIEROS (30 ECTS) Gesti\u00f3n Contable y Fiscal de empresas (6 ECTS) Gesti\u00f3n Comercial (6 ECTS) Gesti\u00f3n Financiera de Empresas (6 ECTS) Derecho de Empresa (6 ECTS) 2 Optativas a elegir (3 ECTS cada una) Gesti\u00f3n Contable [&hellip;]<!-- AddThis Advanced Settings generic via filter on wp_trim_excerpt --><!-- AddThis Share Buttons generic via filter on wp_trim_excerpt --><\/p>\n","protected":false},"author":349,"featured_media":957,"parent":75,"menu_order":2,"comment_status":"closed","ping_status":"open","template":"","meta":{"footnotes":""},"class_list":["post-95","page","type-page","status-publish","has-post-thumbnail","hentry","post-preview"],"_links":{"self":[{"href":"https:\/\/cegea.upv.es\/index.php?rest_route=\/wp\/v2\/pages\/95","targetHints":{"allow":["GET"]}}],"collection":[{"href":"https:\/\/cegea.upv.es\/index.php?rest_route=\/wp\/v2\/pages"}],"about":[{"href":"https:\/\/cegea.upv.es\/index.php?rest_route=\/wp\/v2\/types\/page"}],"author":[{"embeddable":true,"href":"https:\/\/cegea.upv.es\/index.php?rest_route=\/wp\/v2\/users\/349"}],"replies":[{"embeddable":true,"href":"https:\/\/cegea.upv.es\/index.php?rest_route=%2Fwp%2Fv2%2Fcomments&post=95"}],"version-history":[{"count":0,"href":"https:\/\/cegea.upv.es\/index.php?rest_route=\/wp\/v2\/pages\/95\/revisions"}],"up":[{"embeddable":true,"href":"https:\/\/cegea.upv.es\/index.php?rest_route=\/wp\/v2\/pages\/75"}],"wp:featuredmedia":[{"embeddable":true,"href":"https:\/\/cegea.upv.es\/index.php?rest_route=\/wp\/v2\/media\/957"}],"wp:attachment":[{"href":"https:\/\/cegea.upv.es\/index.php?rest_route=%2Fwp%2Fv2%2Fmedia&parent=95"}],"curies":[{"name":"wp","href":"https:\/\/api.w.org\/{rel}","templated":true}]}}