{"id":97,"date":"2013-11-07T12:27:28","date_gmt":"2013-11-07T11:27:28","guid":{"rendered":"http:\/\/cegea.upv.es\/?page_id=97"},"modified":"2017-01-24T13:16:37","modified_gmt":"2017-01-24T12:16:37","slug":"calendario-docente","status":"publish","type":"page","link":"https:\/\/cegea.upv.es\/?page_id=97","title":{"rendered":"Calendario docente y sistema de aprendizaje"},"content":{"rendered":"<p>El curso se imparte de <b><span style=\"color: #800000\">octubre a julio<\/span>, <\/b>dividido en dos cuatrimestres.<\/p>\n<p>La metodolog\u00eda es la siguiente: hay una fase a distancia y otra presencial.<\/p>\n<ul>\n<li><span style=\"color: #800000\"><b>Durante la fase a distancia <\/b><\/span>el alumno tiene acceso las 24h a los contenidos del curso mediante PoliformaT, la plataforma de teleformaci\u00f3n de la UPV que permite el acceso a trav\u00e9s de Internet, donde se encuentran las unidades did\u00e1cticas de cada asignatura. Constan de una parte de teor\u00eda propiamente dicha, talleres pr\u00e1cticos, test de evaluaci\u00f3n, v\u00eddeos explicativos, etc. Respecto a las consultas con profesores durante todo este per\u00edodo, el alumno tendr\u00e1 acceso a chats, foros, horario de tutor\u00edas, consultas v\u00eda email o directamente en los despachos de los profesores aqu\u00ed en la Universidad.<\/li>\n<\/ul>\n<ul>\n<li><span style=\"color: #800000\"><b>La fase presencial tiene<\/b><\/span> lugar al final de cada bloque de asignaturas. En esta fase se resolver\u00e1n casos pr\u00e1cticos, se impartir\u00e1n conferencias a cargo de directivos y empresarios de compa\u00f1\u00edas de diferentes sectores, de las Administraciones P\u00fablicas y de la Universidad, y se realizar\u00e1 el examen presencial, necesario para la obtenci\u00f3n del t\u00edtulo.<\/li>\n<\/ul>\n<p>La evaluaci\u00f3n de las asignaturas se realiza tanto en la fase a distancia como en la presencial, teniendo un peso mucho mayor la nota de la fase a distancia, ya que es donde recae la\u00a0mayor parte del trabajo del alumno.<\/p>\n<p>Para la evaluaci\u00f3n positiva se requerir\u00e1 la asistencia a la clase presencial (en la Universidad o v\u00eda Policonecta) y la superaci\u00f3n de las evaluaciones individuales de cada una de las asignaturas tanto en la fase presencial como a distancia.<\/p>\n<div style=\"margin-top: 50px\"><\/div>\n<hr \/>\n<div style=\"margin-top: 20px;padding-left: 25px;padding-right: 25px\">M\u00e1s informaci\u00f3n sobre el<br \/>\n<span style=\"color: #800000\"><strong>M\u00e1ster en Direcci\u00f3n de Cooperativas Agroalimentarias &#8211; MBA<\/strong><\/span>:<\/p>\n<ul>\n<li><a href=\"http:\/\/cegea.upv.es\/formacion\/mdca-mba\/objetivos-y-destinatarios\/\">Objetivos y destinatarios<\/a><\/li>\n<li><a href=\"http:\/\/cegea.upv.es\/formacion\/mdca-mba\/itinerario-formativo\/\">Itinerario formativo<\/a><\/li>\n<li class=\"submenu-actual-formacion\">Calendario docente y sistema de aprendizaje<\/li>\n<li><a href=\"http:\/\/cegea.upv.es\/formacion\/mdca-mba\/profesorado\/\">Profesorado<\/a><\/li>\n<li><a href=\"http:\/\/cegea.upv.es\/formacion\/mdca-mba\/precios\/\">Precios<\/a><\/li>\n<li><a href=\"http:\/\/cegea.upv.es\/formacion\/mdca-mba\/contacto\/\">Contacto<\/a><\/li>\n<li><a href=\"http:\/\/cegea.upv.es\/wp-content\/uploads\/2013\/11\/master-en-direccion-de-cooperativas-agroalimentarias.pdf\" target=\"_blank\">Descargar\u00a0el Folleto Informativo del M\u00e1ster en Direcci\u00f3n de Cooperativas Agroalimentarias &#8211; MBA<\/a><\/li>\n<\/ul>\n<\/div>\n<hr \/>\n<p>&nbsp;<\/p>\n<!-- AddThis Advanced Settings generic via filter on the_content --><!-- AddThis Share Buttons generic via filter on the_content -->","protected":false},"excerpt":{"rendered":"<p>El curso se imparte de octubre a julio, dividido en dos cuatrimestres. La metodolog\u00eda es la siguiente: hay una fase a distancia y otra presencial. Durante la fase a distancia el alumno tiene acceso las 24h a los contenidos del curso mediante PoliformaT, la plataforma de teleformaci\u00f3n de la UPV que permite el acceso a [&hellip;]<!-- AddThis Advanced Settings generic via filter on wp_trim_excerpt --><!-- AddThis Share Buttons generic via filter on wp_trim_excerpt --><\/p>\n","protected":false},"author":349,"featured_media":957,"parent":75,"menu_order":3,"comment_status":"closed","ping_status":"open","template":"","meta":{"footnotes":""},"class_list":["post-97","page","type-page","status-publish","has-post-thumbnail","hentry","post-preview"],"_links":{"self":[{"href":"https:\/\/cegea.upv.es\/index.php?rest_route=\/wp\/v2\/pages\/97","targetHints":{"allow":["GET"]}}],"collection":[{"href":"https:\/\/cegea.upv.es\/index.php?rest_route=\/wp\/v2\/pages"}],"about":[{"href":"https:\/\/cegea.upv.es\/index.php?rest_route=\/wp\/v2\/types\/page"}],"author":[{"embeddable":true,"href":"https:\/\/cegea.upv.es\/index.php?rest_route=\/wp\/v2\/users\/349"}],"replies":[{"embeddable":true,"href":"https:\/\/cegea.upv.es\/index.php?rest_route=%2Fwp%2Fv2%2Fcomments&post=97"}],"version-history":[{"count":0,"href":"https:\/\/cegea.upv.es\/index.php?rest_route=\/wp\/v2\/pages\/97\/revisions"}],"up":[{"embeddable":true,"href":"https:\/\/cegea.upv.es\/index.php?rest_route=\/wp\/v2\/pages\/75"}],"wp:featuredmedia":[{"embeddable":true,"href":"https:\/\/cegea.upv.es\/index.php?rest_route=\/wp\/v2\/media\/957"}],"wp:attachment":[{"href":"https:\/\/cegea.upv.es\/index.php?rest_route=%2Fwp%2Fv2%2Fmedia&parent=97"}],"curies":[{"name":"wp","href":"https:\/\/api.w.org\/{rel}","templated":true}]}}