{"id":99,"date":"2013-11-07T12:29:04","date_gmt":"2013-11-07T11:29:04","guid":{"rendered":"http:\/\/cegea.upv.es\/?page_id=99"},"modified":"2017-01-24T13:16:16","modified_gmt":"2017-01-24T12:16:16","slug":"profesorado","status":"publish","type":"page","link":"https:\/\/cegea.upv.es\/?page_id=99","title":{"rendered":"Profesorado"},"content":{"rendered":"<ul>\n<li>Alcaraz, J. Profesor titular UPV<\/li>\n<li>Balasch, S. Catedr\u00e1tico UPV<\/li>\n<li>Bataller, J. Catedr\u00e1tico UPV<\/li>\n<li>Buitrago, J.M. Profesor titular UPV<\/li>\n<li>Cap\u00f3, J. Profesor UPV<\/li>\n<li>Clemente, J. Profesor titular UPV<\/li>\n<li>Escriba, C. Profesora UPV<\/li>\n<li>Gallego, L. Profesor UPV<\/li>\n<li>Garc\u00eda Mart\u00ednez, G. Profesor UPV<\/li>\n<li>Garc\u00eda-Guti\u00e9rrez, C. Catedr\u00e1tico Universidad Complutense de Madrid<\/li>\n<li>Gisbert, F. Ejecutivo Consum<\/li>\n<li>Gonz\u00e1lez, J.A. Inspector de finanzas<\/li>\n<li>Iparraguirre, M. Las Provincias<\/li>\n<li>Lajara- Camilleri, M. Profesora UPV<\/li>\n<li>L\u00f3pez Gand\u00eda, J.V. Catedr\u00e1tico UPV<\/li>\n<li>L\u00f3pez Mart\u00ednez, N. Inspector Hacienda<\/li>\n<li>Llobell, F. Caixa Popular<\/li>\n<li>Mar\u00ed, S. Profesor titular UPV<\/li>\n<li>Mar\u00edn, M.M. Profesora titular UPV<\/li>\n<li>Mart\u00ednez Cuartas, A. \u00a0Consultor<\/li>\n<li>Mateos, A. Profesora titular UPV<\/li>\n<li>Meli\u00e1, E. Profesora titular UPV<\/li>\n<li>Polo, F. Profesor titular UPV<\/li>\n<li>Portol\u00e9s, J. Director de\u00a0Innovaci\u00f3n TAU Cer\u00e1mica<\/li>\n<li>Ripoll, V. Catedr\u00e1tico UV<\/li>\n<li>Rivera, L. Catedr\u00e1tico UPV<\/li>\n<li>Roig, B. Profesor UPV<\/li>\n<li>Segu\u00ed, E. Profesor UPV<\/li>\n<li>Signes, E. Gerente de Innovaci\u00f3n IBV-UPV.<\/li>\n<li>Silvestre, E.\u00a0 Profesor UPV<\/li>\n<li>Tamarit, C. Profesora titular UV<\/li>\n<li>Tal\u00f3n, J. T\u00e9cnico Instituto IDEAS- UPV<\/li>\n<li>Tormo, G. Profesora UPV<\/li>\n<li>Toscani, D. Profesor titular UV<\/li>\n<li>Villalonga, I. T\u00e9cnico Instituto IDEAS- UPV<\/li>\n<\/ul>\n<div style=\"margin-top: 50px\"><\/div>\n<hr \/>\n<div style=\"margin-top: 20px;padding-left: 25px;padding-right: 25px\">M\u00e1s informaci\u00f3n sobre el<br \/>\n<span style=\"color: #800000\"><strong>M\u00e1ster en Direcci\u00f3n de Cooperativas Agroalimentarias &#8211; MBA<\/strong><\/span>:<\/p>\n<ul>\n<li><a href=\"http:\/\/cegea.upv.es\/formacion\/mdca-mba\/objetivos-y-destinatarios\/\">Objetivos y destinatarios<\/a><\/li>\n<li><a href=\"http:\/\/cegea.upv.es\/formacion\/mdca-mba\/itinerario-formativo\/\">Itinerario formativo<\/a><\/li>\n<li><a href=\"http:\/\/cegea.upv.es\/formacion\/mdca-mba\/calendario-docente\/\">Calendario docente y sistema de aprendizaje<\/a><\/li>\n<li class=\"submenu-actual-formacion\">Profesorado<\/li>\n<li><a href=\"http:\/\/cegea.upv.es\/formacion\/mdca-mba\/precios\/\">Precios<\/a><\/li>\n<li><a href=\"http:\/\/cegea.upv.es\/formacion\/mdca-mba\/contacto\/\">Contacto<\/a><\/li>\n<li><a href=\"http:\/\/cegea.upv.es\/wp-content\/uploads\/2013\/11\/master-en-direccion-de-cooperativas-agroalimentarias.pdf\" target=\"_blank\">Descargar\u00a0el Folleto Informativo del M\u00e1ster en Direcci\u00f3n de Cooperativas Agroalimentarias &#8211; MBA<\/a><\/li>\n<\/ul>\n<\/div>\n<hr \/>\n<p>&nbsp;<\/p>\n<!-- AddThis Advanced Settings generic via filter on the_content --><!-- AddThis Share Buttons generic via filter on the_content -->","protected":false},"excerpt":{"rendered":"<p>Alcaraz, J. Profesor titular UPV Balasch, S. Catedr\u00e1tico UPV Bataller, J. Catedr\u00e1tico UPV Buitrago, J.M. Profesor titular UPV Cap\u00f3, J. Profesor UPV Clemente, J. Profesor titular UPV Escriba, C. Profesora UPV Gallego, L. Profesor UPV Garc\u00eda Mart\u00ednez, G. Profesor UPV Garc\u00eda-Guti\u00e9rrez, C. Catedr\u00e1tico Universidad Complutense de Madrid Gisbert, F. Ejecutivo Consum Gonz\u00e1lez, J.A. Inspector de [&hellip;]<!-- AddThis Advanced Settings generic via filter on wp_trim_excerpt --><!-- AddThis Share Buttons generic via filter on wp_trim_excerpt --><\/p>\n","protected":false},"author":349,"featured_media":957,"parent":75,"menu_order":4,"comment_status":"closed","ping_status":"open","template":"","meta":{"footnotes":""},"class_list":["post-99","page","type-page","status-publish","has-post-thumbnail","hentry","post-preview"],"_links":{"self":[{"href":"https:\/\/cegea.upv.es\/index.php?rest_route=\/wp\/v2\/pages\/99","targetHints":{"allow":["GET"]}}],"collection":[{"href":"https:\/\/cegea.upv.es\/index.php?rest_route=\/wp\/v2\/pages"}],"about":[{"href":"https:\/\/cegea.upv.es\/index.php?rest_route=\/wp\/v2\/types\/page"}],"author":[{"embeddable":true,"href":"https:\/\/cegea.upv.es\/index.php?rest_route=\/wp\/v2\/users\/349"}],"replies":[{"embeddable":true,"href":"https:\/\/cegea.upv.es\/index.php?rest_route=%2Fwp%2Fv2%2Fcomments&post=99"}],"version-history":[{"count":0,"href":"https:\/\/cegea.upv.es\/index.php?rest_route=\/wp\/v2\/pages\/99\/revisions"}],"up":[{"embeddable":true,"href":"https:\/\/cegea.upv.es\/index.php?rest_route=\/wp\/v2\/pages\/75"}],"wp:featuredmedia":[{"embeddable":true,"href":"https:\/\/cegea.upv.es\/index.php?rest_route=\/wp\/v2\/media\/957"}],"wp:attachment":[{"href":"https:\/\/cegea.upv.es\/index.php?rest_route=%2Fwp%2Fv2%2Fmedia&parent=99"}],"curies":[{"name":"wp","href":"https:\/\/api.w.org\/{rel}","templated":true}]}}